{"id":768,"date":"2018-06-14T17:06:44","date_gmt":"2018-06-14T15:06:44","guid":{"rendered":"https:\/\/blog.lezaljka.com\/aronija\/?page_id=768"},"modified":"2022-07-15T10:24:31","modified_gmt":"2022-07-15T08:24:31","slug":"pravila-privatnosti","status":"publish","type":"page","link":"https:\/\/blog.lezaljka.com\/aronija\/pravila-privatnosti\/","title":{"rendered":"Pravila privatnosti"},"content":{"rendered":"<h2>Tko smo mi<\/h2>\n<p>Adresa na\u0161e web-stranice jest <a href=\"https:\/\/blog.lezaljka.com\/aronija\" target=\"_blank\" rel=\"noopener\">https:\/\/blog.lezaljka.com\/aronija<\/a>.<\/p>\n<h2>Koje osobne podatke prikupljamo i za\u0161to<\/h2>\n<h3>Komentari<\/h3>\n<p>Kada posjetitelji napi\u0161u komentar na web-stranici, prikupljamo podatke prikazane u formi komentara, IP adresu posjetitelja i string korisni\u010dkog agenta preglednika kako bismo lak\u0161e detektirali spam.<br \/>\nMogu\u0107e je da je anonimizirani string kreiran iz va\u0161e adrese e-po\u0161te (koji se tako\u0111er zove <em>hash<\/em>) dostavljen servisu Gravatar kako bismo provjerili rabite li ga. Pravila privatnosti servisa Gravatar dostupna su ovdje: <a href=\"https:\/\/automattic.com\/privacy\/\" target=\"_blank\" rel=\"noopener\">https:\/\/automattic.com\/privacy\/<\/a>. Nakon odobrenja komentara va\u0161a profilna slika javno je vidljiva u kontekstu va\u0161ega komentara.<\/p>\n<h3>Medij<\/h3>\n<p>Ako prenesete fotografiju na web-stranicu, trebali biste izbjegavati prijenos snimki koje imaju ugra\u0111ene podatke o lokaciji (EXIF GPS). Posjetitelji web-stranice mogu ih preuzeti i izdvojiti bilo koje podatke o lokaciji iz fotografija s web-stranice.<\/p>\n<h3>Kontakt-forme<\/h3>\n<h3>Kola\u010di\u0107i<\/h3>\n<p>Ako napi\u0161ete komentar na na\u0161oj web-stranici, mo\u017eete odabrati da spremite ime, adresu e-po\u0161te i web-stranicu u kola\u010di\u0107e. To je kako bismo vam olak\u0161ali ponovno komentiranje, da ne morate ponovno unositi te informacije. Ti kola\u010di\u0107i traju godinu dana.<br \/>\nAko imate ra\u010dun i prijavite se na ovu web-stranicu, postavit \u0107emo privremeni kola\u010di\u0107 kako bismo utvrdili prihva\u0107a li va\u0161 preglednik kola\u010di\u0107e. Taj kola\u010di\u0107 ne sadr\u017eava osobne podatke i bri\u0161e se kada ugasite preglednik.<br \/>\nKada se prijavite, tako\u0111er \u0107emo postaviti nekoliko kola\u010di\u0107a kako bismo sa\u010duvali va\u0161e podatke o prijavi i va\u0161e postavke zaslona. Kola\u010di\u0107i prijave traju dva dana, a kola\u010di\u0107i postavki zaslona traju godinu dana. Ako odaberete opciju &#8220;zapamti me&#8221;, va\u0161a \u0107e prijava trajati dva tjedna. Ako se odjavite s ra\u010duna, kola\u010di\u0107i prijave bit \u0107e uklonjeni.<br \/>\nAko uredite ili objavite \u010dlanak, dodatni kola\u010di\u0107 bit \u0107e spremljen u va\u0161em pregledniku. Kola\u010di\u0107 ne sadr\u017eava osobne podatke i samo pokazuje ID \u010dlanka koji ste upravo uredili. Kola\u010di\u0107 \u0107e iste\u0107i nakon jednoga dana.<\/p>\n<h3>Ugra\u0111eni sadr\u017eaj s drugih web-stranica<\/h3>\n<p>\u010clanci na ovoj web-stranici mogu sadr\u017eavati ugra\u0111eni sadr\u017eaj (videoklipove, fotografije, \u010dlanke itd.). Ugra\u0111eni sadr\u017eaj s drugih web-stranica pona\u0161a se istovjetno kao da je posjetitelj posjetio tu drugu web-stranicu.<br \/>\nOve web-stranice mo\u017eda prikupljaju podatke o vama, upotrebljavaju kola\u010di\u0107e, imaju ugra\u0111eno dodatno pra\u0107enje od tre\u0107ih strana i nadgledaju va\u0161u interakciju s tim ugra\u0111enim sadr\u017eajem, uklju\u010duju\u0107i pra\u0107enje va\u0161e interakcije s ugra\u0111enim sadr\u017eajem ako imate ra\u010dun i prijavljeni ste na web-stranici.<\/p>\n<h3>Analitika<\/h3>\n<h2>S kime dijelimo va\u0161e podatke<\/h2>\n<h2>Koliko dugo \u010duvamo va\u0161e podatke<\/h2>\n<p>Ako napi\u0161ete komentar, sadr\u017eaj i njegovi metapodaci sa\u010duvani su zauvijek. To je zato da mo\u017eemo automatski prepoznati i odobriti budu\u0107e komentare umjesto da ih dr\u017eimo na \u010dekanju za odobrenje.<br \/>\nZa korisnike koji se registriraju na na\u0161oj web-stranici pohranjujemo osobne podatke koje navedu u korisni\u010dkim profilima. Svi korisnici mogu vidjeti, urediti ili obrisati svoje osobne podatke u bilo koje vrijeme (ali ne mogu promijeniti korisni\u010dko ime). Administratori web-stranice tako\u0111er mogu vidjeti i urediti te informacije.<\/p>\n<h2>Koja prava imate nad svojim podacima<\/h2>\n<p>Ako imate ra\u010dun na ovoj web-stranici ili ste pisali komentare, mo\u017eete zatra\u017eiti primanje datoteke s osobnim podacima koje imamo o vama, uklju\u010duju\u0107i sve podatke koje ste nam dostavili. Tako\u0111er mo\u017eete zatra\u017eiti brisanje svih osobnih podataka. To ne uklju\u010duje podatke koje smo obavezni dr\u017eati za administrativne, pravne ili sigurnosne svrhe.<\/p>\n<h2>Kamo \u0161aljemo va\u0161e podatke<\/h2>\n<p>Komentari posjetitelja mogu se provjeriti putem automatske usluge za otkrivanje ne\u017eeljene po\u0161te.<\/p>\n","protected":false},"excerpt":{"rendered":"<p>Tko smo mi Adresa na\u0161e web-stranice jest https:\/\/blog.lezaljka.com\/aronija. Koje osobne podatke prikupljamo i za\u0161to Komentari Kada posjetitelji napi\u0161u komentar na web-stranici, prikupljamo podatke prikazane u formi komentara, IP adresu posjetitelja i string korisni\u010dkog agenta preglednika kako bismo lak\u0161e detektirali spam. Mogu\u0107e je da je anonimizirani string kreiran iz va\u0161e adrese e-po\u0161te (koji se tako\u0111er zove &hellip; <a href=\"https:\/\/blog.lezaljka.com\/aronija\/pravila-privatnosti\/\" class=\"more-link\">Continue reading <span class=\"screen-reader-text\">Pravila privatnosti<\/span> <span class=\"meta-nav\">&rarr;<\/span><\/a><\/p>\n","protected":false},"author":1,"featured_media":0,"parent":0,"menu_order":0,"comment_status":"closed","ping_status":"closed","template":"","meta":{"_et_pb_use_builder":"","_et_pb_old_content":"","_et_gb_content_width":"","ngg_post_thumbnail":0,"footnotes":""},"class_list":["post-768","page","type-page","status-publish","hentry"],"yoast_head":"<!-- This site is optimized with the Yoast SEO plugin v24.9 - https:\/\/yoast.com\/wordpress\/plugins\/seo\/ -->\n<title>Pravila privatnosti - Aronia melanocarpa<\/title>\n<meta name=\"robots\" content=\"index, follow, max-snippet:-1, max-image-preview:large, max-video-preview:-1\" \/>\n<link rel=\"canonical\" href=\"https:\/\/blog.lezaljka.com\/aronija\/pravila-privatnosti\/\" \/>\n<meta property=\"og:locale\" content=\"en_US\" \/>\n<meta property=\"og:type\" content=\"article\" \/>\n<meta property=\"og:title\" content=\"Pravila privatnosti - Aronia melanocarpa\" \/>\n<meta property=\"og:description\" content=\"Tko smo mi Adresa na\u0161e web-stranice jest https:\/\/blog.lezaljka.com\/aronija. Koje osobne podatke prikupljamo i za\u0161to Komentari Kada posjetitelji napi\u0161u komentar na web-stranici, prikupljamo podatke prikazane u formi komentara, IP adresu posjetitelja i string korisni\u010dkog agenta preglednika kako bismo lak\u0161e detektirali spam. Mogu\u0107e je da je anonimizirani string kreiran iz va\u0161e adrese e-po\u0161te (koji se tako\u0111er zove &hellip; Continue reading Pravila privatnosti &rarr;\" \/>\n<meta property=\"og:url\" content=\"https:\/\/blog.lezaljka.com\/aronija\/pravila-privatnosti\/\" \/>\n<meta property=\"og:site_name\" content=\"Aronia melanocarpa\" \/>\n<meta property=\"article:modified_time\" content=\"2022-07-15T08:24:31+00:00\" \/>\n<meta name=\"twitter:card\" content=\"summary_large_image\" \/>\n<meta name=\"twitter:label1\" content=\"Est. reading time\" \/>\n\t<meta name=\"twitter:data1\" content=\"3 minutes\" \/>\n<script type=\"application\/ld+json\" class=\"yoast-schema-graph\">{\"@context\":\"https:\/\/schema.org\",\"@graph\":[{\"@type\":\"WebPage\",\"@id\":\"https:\/\/blog.lezaljka.com\/aronija\/pravila-privatnosti\/\",\"url\":\"https:\/\/blog.lezaljka.com\/aronija\/pravila-privatnosti\/\",\"name\":\"Pravila privatnosti - Aronia melanocarpa\",\"isPartOf\":{\"@id\":\"https:\/\/blog.lezaljka.com\/aronija\/#website\"},\"datePublished\":\"2018-06-14T15:06:44+00:00\",\"dateModified\":\"2022-07-15T08:24:31+00:00\",\"breadcrumb\":{\"@id\":\"https:\/\/blog.lezaljka.com\/aronija\/pravila-privatnosti\/#breadcrumb\"},\"inLanguage\":\"en-US\",\"potentialAction\":[{\"@type\":\"ReadAction\",\"target\":[\"https:\/\/blog.lezaljka.com\/aronija\/pravila-privatnosti\/\"]}]},{\"@type\":\"BreadcrumbList\",\"@id\":\"https:\/\/blog.lezaljka.com\/aronija\/pravila-privatnosti\/#breadcrumb\",\"itemListElement\":[{\"@type\":\"ListItem\",\"position\":1,\"name\":\"Home\",\"item\":\"https:\/\/blog.lezaljka.com\/aronija\/\"},{\"@type\":\"ListItem\",\"position\":2,\"name\":\"Pravila privatnosti\"}]},{\"@type\":\"WebSite\",\"@id\":\"https:\/\/blog.lezaljka.com\/aronija\/#website\",\"url\":\"https:\/\/blog.lezaljka.com\/aronija\/\",\"name\":\"Aronia melanocarpa\",\"description\":\"Put do zdravlja\",\"potentialAction\":[{\"@type\":\"SearchAction\",\"target\":{\"@type\":\"EntryPoint\",\"urlTemplate\":\"https:\/\/blog.lezaljka.com\/aronija\/?s={search_term_string}\"},\"query-input\":{\"@type\":\"PropertyValueSpecification\",\"valueRequired\":true,\"valueName\":\"search_term_string\"}}],\"inLanguage\":\"en-US\"}]}<\/script>\n<!-- \/ Yoast SEO plugin. -->","yoast_head_json":{"title":"Pravila privatnosti - Aronia melanocarpa","robots":{"index":"index","follow":"follow","max-snippet":"max-snippet:-1","max-image-preview":"max-image-preview:large","max-video-preview":"max-video-preview:-1"},"canonical":"https:\/\/blog.lezaljka.com\/aronija\/pravila-privatnosti\/","og_locale":"en_US","og_type":"article","og_title":"Pravila privatnosti - Aronia melanocarpa","og_description":"Tko smo mi Adresa na\u0161e web-stranice jest https:\/\/blog.lezaljka.com\/aronija. Koje osobne podatke prikupljamo i za\u0161to Komentari Kada posjetitelji napi\u0161u komentar na web-stranici, prikupljamo podatke prikazane u formi komentara, IP adresu posjetitelja i string korisni\u010dkog agenta preglednika kako bismo lak\u0161e detektirali spam. Mogu\u0107e je da je anonimizirani string kreiran iz va\u0161e adrese e-po\u0161te (koji se tako\u0111er zove &hellip; Continue reading Pravila privatnosti &rarr;","og_url":"https:\/\/blog.lezaljka.com\/aronija\/pravila-privatnosti\/","og_site_name":"Aronia melanocarpa","article_modified_time":"2022-07-15T08:24:31+00:00","twitter_card":"summary_large_image","twitter_misc":{"Est. reading time":"3 minutes"},"schema":{"@context":"https:\/\/schema.org","@graph":[{"@type":"WebPage","@id":"https:\/\/blog.lezaljka.com\/aronija\/pravila-privatnosti\/","url":"https:\/\/blog.lezaljka.com\/aronija\/pravila-privatnosti\/","name":"Pravila privatnosti - Aronia melanocarpa","isPartOf":{"@id":"https:\/\/blog.lezaljka.com\/aronija\/#website"},"datePublished":"2018-06-14T15:06:44+00:00","dateModified":"2022-07-15T08:24:31+00:00","breadcrumb":{"@id":"https:\/\/blog.lezaljka.com\/aronija\/pravila-privatnosti\/#breadcrumb"},"inLanguage":"en-US","potentialAction":[{"@type":"ReadAction","target":["https:\/\/blog.lezaljka.com\/aronija\/pravila-privatnosti\/"]}]},{"@type":"BreadcrumbList","@id":"https:\/\/blog.lezaljka.com\/aronija\/pravila-privatnosti\/#breadcrumb","itemListElement":[{"@type":"ListItem","position":1,"name":"Home","item":"https:\/\/blog.lezaljka.com\/aronija\/"},{"@type":"ListItem","position":2,"name":"Pravila privatnosti"}]},{"@type":"WebSite","@id":"https:\/\/blog.lezaljka.com\/aronija\/#website","url":"https:\/\/blog.lezaljka.com\/aronija\/","name":"Aronia melanocarpa","description":"Put do zdravlja","potentialAction":[{"@type":"SearchAction","target":{"@type":"EntryPoint","urlTemplate":"https:\/\/blog.lezaljka.com\/aronija\/?s={search_term_string}"},"query-input":{"@type":"PropertyValueSpecification","valueRequired":true,"valueName":"search_term_string"}}],"inLanguage":"en-US"}]}},"_links":{"self":[{"href":"https:\/\/blog.lezaljka.com\/aronija\/wp-json\/wp\/v2\/pages\/768","targetHints":{"allow":["GET"]}}],"collection":[{"href":"https:\/\/blog.lezaljka.com\/aronija\/wp-json\/wp\/v2\/pages"}],"about":[{"href":"https:\/\/blog.lezaljka.com\/aronija\/wp-json\/wp\/v2\/types\/page"}],"author":[{"embeddable":true,"href":"https:\/\/blog.lezaljka.com\/aronija\/wp-json\/wp\/v2\/users\/1"}],"replies":[{"embeddable":true,"href":"https:\/\/blog.lezaljka.com\/aronija\/wp-json\/wp\/v2\/comments?post=768"}],"version-history":[{"count":0,"href":"https:\/\/blog.lezaljka.com\/aronija\/wp-json\/wp\/v2\/pages\/768\/revisions"}],"wp:attachment":[{"href":"https:\/\/blog.lezaljka.com\/aronija\/wp-json\/wp\/v2\/media?parent=768"}],"curies":[{"name":"wp","href":"https:\/\/api.w.org\/{rel}","templated":true}]}}